{"id":105,"date":"2024-02-13T15:56:10","date_gmt":"2024-02-13T14:56:10","guid":{"rendered":"https:\/\/fvm-europe.com\/?page_id=105"},"modified":"2024-02-16T15:32:48","modified_gmt":"2024-02-16T14:32:48","slug":"test","status":"publish","type":"page","link":"https:\/\/fvm-europe.com\/","title":{"rendered":"From Europe to Africa"},"content":{"rendered":"\n<div class=\"wp-block-group alignfull has-global-padding is-layout-constrained wp-container-core-group-is-layout-490fa1db wp-block-group-is-layout-constrained\" style=\"padding-top:var(--wp--preset--spacing--50);padding-right:var(--wp--preset--spacing--50);padding-bottom:var(--wp--preset--spacing--50);padding-left:var(--wp--preset--spacing--50)\">\n<p class=\"has-text-align-left has-medium-font-size\" style=\"margin-top:0;margin-right:0;margin-bottom:0;margin-left:0;padding-top:0;padding-right:var(--wp--preset--spacing--60);padding-bottom:0;padding-left:var(--wp--preset--spacing--60)\"><em>FVM est un partenaire privil\u00e9gi\u00e9 de nombreux acteurs africains de la distribution. Le groupe intervient sur toute la cha\u00eene de valeur en proposant en exclusivit\u00e9 des produits europ\u00e9ens de qualit\u00e9 en s\u2019appuyant sur des partenaires locaux connaissant bien les attentes des consommateurs<\/em>.<\/p>\n\n\n\n<div class=\"wp-block-group has-global-padding is-layout-constrained wp-container-core-group-is-layout-650790e1 wp-block-group-is-layout-constrained\">\n<div style=\"height:1.25rem\" aria-hidden=\"true\" class=\"wp-block-spacer\"><\/div>\n<\/div>\n\n\n\n<figure class=\"wp-block-image alignwide size-full is-style-rounded is-style-rounded--1\"><img loading=\"lazy\" decoding=\"async\" width=\"1024\" height=\"575\" src=\"https:\/\/fvm-europe.com\/wp-content\/uploads\/2024\/02\/Boat1.jpg\" alt=\"\" class=\"wp-image-107\" srcset=\"https:\/\/fvm-europe.com\/wp-content\/uploads\/2024\/02\/Boat1.jpg 1024w, https:\/\/fvm-europe.com\/wp-content\/uploads\/2024\/02\/Boat1-300x168.jpg 300w, https:\/\/fvm-europe.com\/wp-content\/uploads\/2024\/02\/Boat1-768x431.jpg 768w\" sizes=\"auto, (max-width: 1024px) 100vw, 1024px\" \/><\/figure>\n<\/div>\n\n\n\n<div class=\"wp-block-group alignfull has-base-2-background-color has-background has-global-padding is-layout-constrained wp-container-core-group-is-layout-669513ed wp-block-group-is-layout-constrained\" style=\"margin-top:0;margin-bottom:0;padding-top:var(--wp--preset--spacing--50);padding-right:var(--wp--preset--spacing--50);padding-bottom:var(--wp--preset--spacing--50);padding-left:var(--wp--preset--spacing--50)\">\n<div class=\"wp-block-group is-vertical is-content-justification-center is-layout-flex wp-container-core-group-is-layout-52b864f0 wp-block-group-is-layout-flex\">\n<h2 class=\"wp-block-heading has-text-align-center is-style-asterisk\">Une passion pour les marques que nous importons<\/h2>\n\n\n\n<div style=\"height:0px\" aria-hidden=\"true\" class=\"wp-block-spacer wp-container-content-4f2ccadb\"><\/div>\n\n\n\n<p class=\"has-text-align-center\">Notre gamme compl\u00e8te de produits s\u2019adresse \u00e0 une client\u00e8le diversifi\u00e9e.<\/p>\n<\/div>\n\n\n\n<div style=\"margin-top:0;margin-bottom:0;height:var(--wp--preset--spacing--40)\" aria-hidden=\"true\" class=\"wp-block-spacer\"><\/div>\n\n\n\n<div class=\"wp-block-columns alignwide is-layout-flex wp-container-core-columns-is-layout-d0bbbce0 wp-block-columns-is-layout-flex\">\n<div class=\"wp-block-column is-layout-flow wp-container-core-column-is-layout-e3d1c41b wp-block-column-is-layout-flow\">\n<figure class=\"wp-block-image aligncenter size-full is-resized\"><img loading=\"lazy\" decoding=\"async\" width=\"359\" height=\"169\" src=\"https:\/\/fvm-europe.com\/wp-content\/uploads\/2024\/02\/Yolloh.jpg\" alt=\"\" class=\"wp-image-114\" style=\"width:198px;height:auto\" srcset=\"https:\/\/fvm-europe.com\/wp-content\/uploads\/2024\/02\/Yolloh.jpg 359w, https:\/\/fvm-europe.com\/wp-content\/uploads\/2024\/02\/Yolloh-300x141.jpg 300w\" sizes=\"auto, (max-width: 359px) 100vw, 359px\" \/><\/figure>\n<\/div>\n\n\n\n<div class=\"wp-block-column is-layout-flow wp-container-core-column-is-layout-e3d1c41b wp-block-column-is-layout-flow\">\n<figure class=\"wp-block-image aligncenter size-full is-resized\"><img loading=\"lazy\" decoding=\"async\" width=\"253\" height=\"167\" src=\"https:\/\/fvm-europe.com\/wp-content\/uploads\/2024\/02\/Prince.jpg\" alt=\"\" class=\"wp-image-116\" style=\"width:161px;height:auto\"\/><\/figure>\n<\/div>\n\n\n\n<div class=\"wp-block-column is-layout-flow wp-container-core-column-is-layout-e3d1c41b wp-block-column-is-layout-flow\">\n<figure class=\"wp-block-image aligncenter size-full is-resized\"><img loading=\"lazy\" decoding=\"async\" width=\"253\" height=\"239\" src=\"https:\/\/fvm-europe.com\/wp-content\/uploads\/2024\/02\/Oreo.jpg\" alt=\"\" class=\"wp-image-117\" style=\"width:141px;height:auto\"\/><\/figure>\n<\/div>\n<\/div>\n\n\n\n<div style=\"height:var(--wp--preset--spacing--20)\" aria-hidden=\"true\" class=\"wp-block-spacer\"><\/div>\n\n\n\n<div class=\"wp-block-columns alignwide is-layout-flex wp-container-core-columns-is-layout-d0bbbce0 wp-block-columns-is-layout-flex\">\n<div class=\"wp-block-column is-layout-flow wp-container-core-column-is-layout-e3d1c41b wp-block-column-is-layout-flow\">\n<figure class=\"wp-block-image aligncenter size-full is-resized\"><img loading=\"lazy\" decoding=\"async\" width=\"244\" height=\"125\" src=\"https:\/\/fvm-europe.com\/wp-content\/uploads\/2024\/02\/Mondelez.jpg\" alt=\"\" class=\"wp-image-118\" style=\"width:182px;height:auto\"\/><\/figure>\n<\/div>\n\n\n\n<div class=\"wp-block-column is-layout-flow wp-container-core-column-is-layout-e3d1c41b wp-block-column-is-layout-flow\">\n<figure class=\"wp-block-image aligncenter size-full is-resized\"><img loading=\"lazy\" decoding=\"async\" width=\"262\" height=\"124\" src=\"https:\/\/fvm-europe.com\/wp-content\/uploads\/2024\/02\/Mayo.jpg\" alt=\"\" class=\"wp-image-119\" style=\"width:172px;height:auto\"\/><\/figure>\n<\/div>\n\n\n\n<div class=\"wp-block-column is-layout-flow wp-container-core-column-is-layout-e3d1c41b wp-block-column-is-layout-flow\">\n<figure class=\"wp-block-image aligncenter size-full is-resized\"><img loading=\"lazy\" decoding=\"async\" width=\"181\" height=\"175\" src=\"https:\/\/fvm-europe.com\/wp-content\/uploads\/2024\/02\/Panasonic.jpg\" alt=\"\" class=\"wp-image-120\" style=\"width:145px;height:auto\"\/><\/figure>\n<\/div>\n<\/div>\n<\/div>\n\n\n\n<div class=\"wp-block-group alignfull has-global-padding is-layout-constrained wp-container-core-group-is-layout-d89aad35 wp-block-group-is-layout-constrained\" style=\"margin-top:0;margin-bottom:0;padding-top:var(--wp--preset--spacing--50);padding-right:var(--wp--preset--spacing--50);padding-bottom:var(--wp--preset--spacing--50);padding-left:var(--wp--preset--spacing--50)\">\n<div class=\"wp-block-group alignwide has-global-padding is-layout-constrained wp-container-core-group-is-layout-19e250f3 wp-block-group-is-layout-constrained\">\n<div class=\"wp-block-group is-vertical is-content-justification-center is-layout-flex wp-container-core-group-is-layout-6329a8f3 wp-block-group-is-layout-flex\">\n<h2 class=\"wp-block-heading has-text-align-center is-style-asterisk\">Une efficacit\u00e9 dans le transport<\/h2>\n\n\n\n<p class=\"has-text-align-center\">Nos solutions simples et efficaces am\u00e8neront la marchandise l\u00e0 ou le client le d\u00e9cide. Notre professionnalisme reconnu dans plusieurs pays Africains nous a permis de nouer de nombreux contacts qui facilitent les d\u00e9marches et diminuent les d\u00e9lais de livraison.  <\/p>\n<\/div>\n\n\n\n<div style=\"height:var(--wp--preset--spacing--40)\" aria-hidden=\"true\" class=\"wp-block-spacer\"><\/div>\n\n\n\n<div class=\"wp-block-columns alignwide is-layout-flex wp-container-core-columns-is-layout-d1c656ed wp-block-columns-is-layout-flex\">\n<div class=\"wp-block-column is-vertically-aligned-center is-layout-flow wp-block-column-is-layout-flow\" style=\"flex-basis:40%\">\n<h3 class=\"wp-block-heading is-style-asterisk\">Livraisons chez vous<\/h3>\n\n\n\n<ul style=\"line-height:1.75\" class=\"is-style-checkmark-list wp-block-list\">\n<li>Trouvons des solutions ensemble<\/li>\n\n\n\n<li>Votre probl\u00e8me, notre solution !<\/li>\n<\/ul>\n<\/div>\n\n\n\n<div class=\"wp-block-column is-layout-flow wp-block-column-is-layout-flow\" style=\"flex-basis:50%\">\n<figure class=\"wp-block-image size-large is-style-rounded is-style-rounded--2\"><img loading=\"lazy\" decoding=\"async\" width=\"1024\" height=\"576\" src=\"https:\/\/fvm-europe.com\/wp-content\/uploads\/2024\/02\/Road1-1024x576.jpg\" alt=\"\" class=\"wp-image-109\" srcset=\"https:\/\/fvm-europe.com\/wp-content\/uploads\/2024\/02\/Road1-1024x576.jpg 1024w, https:\/\/fvm-europe.com\/wp-content\/uploads\/2024\/02\/Road1-300x169.jpg 300w, https:\/\/fvm-europe.com\/wp-content\/uploads\/2024\/02\/Road1-768x432.jpg 768w, https:\/\/fvm-europe.com\/wp-content\/uploads\/2024\/02\/Road1-1536x864.jpg 1536w, https:\/\/fvm-europe.com\/wp-content\/uploads\/2024\/02\/Road1.jpg 1920w\" sizes=\"auto, (max-width: 1024px) 100vw, 1024px\" \/><\/figure>\n<\/div>\n<\/div>\n\n\n\n<div style=\"height:var(--wp--preset--spacing--40)\" aria-hidden=\"true\" class=\"wp-block-spacer\"><\/div>\n\n\n\n<div class=\"wp-block-columns alignwide is-layout-flex wp-container-core-columns-is-layout-d1c656ed wp-block-columns-is-layout-flex\">\n<div class=\"wp-block-column is-layout-flow wp-block-column-is-layout-flow\" style=\"flex-basis:50%\">\n<figure class=\"wp-block-image size-full is-style-rounded is-style-rounded--3\"><img loading=\"lazy\" decoding=\"async\" width=\"398\" height=\"266\" src=\"https:\/\/fvm-europe.com\/wp-content\/uploads\/2024\/02\/Shop1.jpg\" alt=\"\" class=\"wp-image-129\" srcset=\"https:\/\/fvm-europe.com\/wp-content\/uploads\/2024\/02\/Shop1.jpg 398w, https:\/\/fvm-europe.com\/wp-content\/uploads\/2024\/02\/Shop1-300x201.jpg 300w\" sizes=\"auto, (max-width: 398px) 100vw, 398px\" \/><\/figure>\n<\/div>\n\n\n\n<div class=\"wp-block-column is-vertically-aligned-center is-layout-flow wp-block-column-is-layout-flow\" style=\"flex-basis:40%\">\n<h3 class=\"wp-block-heading is-style-asterisk\">Dispatching facile<\/h3>\n\n\n\n<ul style=\"line-height:1.75\" class=\"is-style-checkmark-list wp-block-list\">\n<li>Livraisons dans vos entrep\u00f4ts<\/li>\n<\/ul>\n<\/div>\n<\/div>\n\n\n\n<div style=\"height:93px\" aria-hidden=\"true\" class=\"wp-block-spacer\"><\/div>\n\n\n\n<h2 class=\"wp-block-heading\">FVM r\u00e9pond aux attentes des clients<\/h2>\n\n\n\n<figure class=\"wp-block-image size-large\"><img loading=\"lazy\" decoding=\"async\" width=\"1024\" height=\"931\" src=\"https:\/\/fvm-europe.com\/wp-content\/uploads\/2024\/02\/attente1-1024x931.jpg\" alt=\"\" class=\"wp-image-166\" srcset=\"https:\/\/fvm-europe.com\/wp-content\/uploads\/2024\/02\/attente1-1024x931.jpg 1024w, https:\/\/fvm-europe.com\/wp-content\/uploads\/2024\/02\/attente1-300x273.jpg 300w, https:\/\/fvm-europe.com\/wp-content\/uploads\/2024\/02\/attente1-768x698.jpg 768w, https:\/\/fvm-europe.com\/wp-content\/uploads\/2024\/02\/attente1.jpg 1136w\" sizes=\"auto, (max-width: 1024px) 100vw, 1024px\" \/><\/figure>\n<\/div>\n<\/div>\n\n\n\n<div class=\"wp-block-group alignfull has-base-color has-contrast-background-color has-text-color has-background has-global-padding is-layout-constrained wp-container-core-group-is-layout-ef3d885c wp-block-group-is-layout-constrained\" style=\"margin-top:0;margin-bottom:0;padding-top:var(--wp--preset--spacing--60);padding-right:var(--wp--preset--spacing--60);padding-bottom:var(--wp--preset--spacing--60);padding-left:var(--wp--preset--spacing--60)\">\n<div class=\"wp-block-group has-global-padding is-layout-constrained wp-block-group-is-layout-constrained\">\n<p class=\"has-text-align-center has-base-color has-text-color has-heading-font-family has-medium-font-size\" style=\"line-height:1.2\"> <em>\u00ab&nbsp;Merci \u00e0 FVM Europe d&rsquo;avoir pu livrer la marchandise que je n&rsquo;arrivais pas \u00e0 trouver facilement. Depuis, nous avons nou\u00e9 des liens forts qui me permettent d&rsquo;accro\u00eetre mon CA&nbsp;depuis 2 ans\u00bb<\/em> <\/p>\n\n\n\n<div class=\"wp-block-group is-vertical is-content-justification-center is-nowrap is-layout-flex wp-container-core-group-is-layout-2dc08cea wp-block-group-is-layout-flex\">\n<p class=\"has-text-align-center has-small-font-size\" style=\"margin-top:var(--wp--preset--spacing--10);margin-bottom:0\">D\u00e9sir\u00e9 Toe<\/p>\n\n\n\n<p class=\"has-text-align-center has-contrast-3-color has-text-color has-small-font-size\" style=\"font-style:normal;font-weight:300\">PDG, Shop and release<\/p>\n<\/div>\n<\/div>\n<\/div>\n","protected":false},"excerpt":{"rendered":"<p>FVM est un partenaire privil\u00e9gi\u00e9 de nombreux acteurs africains de la distribution. Le groupe intervient sur toute la cha\u00eene de valeur en proposant en exclusivit\u00e9 des produits europ\u00e9ens de qualit\u00e9 en s\u2019appuyant sur des partenaires locaux connaissant bien les attentes des consommateurs. Une passion pour les marques que nous importons Notre gamme compl\u00e8te de produits [&hellip;]<\/p>\n","protected":false},"author":1,"featured_media":0,"parent":0,"menu_order":0,"comment_status":"closed","ping_status":"closed","template":"","meta":{"footnotes":""},"class_list":["post-105","page","type-page","status-publish","hentry"],"_links":{"self":[{"href":"https:\/\/fvm-europe.com\/index.php\/wp-json\/wp\/v2\/pages\/105","targetHints":{"allow":["GET"]}}],"collection":[{"href":"https:\/\/fvm-europe.com\/index.php\/wp-json\/wp\/v2\/pages"}],"about":[{"href":"https:\/\/fvm-europe.com\/index.php\/wp-json\/wp\/v2\/types\/page"}],"author":[{"embeddable":true,"href":"https:\/\/fvm-europe.com\/index.php\/wp-json\/wp\/v2\/users\/1"}],"replies":[{"embeddable":true,"href":"https:\/\/fvm-europe.com\/index.php\/wp-json\/wp\/v2\/comments?post=105"}],"version-history":[{"count":19,"href":"https:\/\/fvm-europe.com\/index.php\/wp-json\/wp\/v2\/pages\/105\/revisions"}],"predecessor-version":[{"id":214,"href":"https:\/\/fvm-europe.com\/index.php\/wp-json\/wp\/v2\/pages\/105\/revisions\/214"}],"wp:attachment":[{"href":"https:\/\/fvm-europe.com\/index.php\/wp-json\/wp\/v2\/media?parent=105"}],"curies":[{"name":"wp","href":"https:\/\/api.w.org\/{rel}","templated":true}]}}