{"id":136,"date":"2024-02-14T10:25:30","date_gmt":"2024-02-14T09:25:30","guid":{"rendered":"https:\/\/fvm-europe.com\/?page_id=136"},"modified":"2024-02-15T11:45:12","modified_gmt":"2024-02-15T10:45:12","slug":"team","status":"publish","type":"page","link":"https:\/\/fvm-europe.com\/index.php\/team\/","title":{"rendered":"Team"},"content":{"rendered":"\n<p>Notre \u00e9quipe est compos\u00e9e de sp\u00e9cialistes europ\u00e9ens du retail et du marketing. Certains de ses membres g\u00e8rent une chaine de magasins en Belgique. D\u2019autres sont des sp\u00e9cialistes de l\u2019informatique et ont d\u00e9velopp\u00e9 des outils performants permettant aux clients de commander en ligne directement palettes et container ou encore de mettre les prix en ligne automatiquement. Certains sont des sp\u00e9cialistes du marketing et enseignent m\u00eame dans diff\u00e9rentes HEC. Mais notre force ce sont aussi nos partenaires locaux des diff\u00e9rents pays qui ont aussi une s\u00e9rieuse exp\u00e9rience du retail, du transport et de la finance<\/p>\n\n\n\n<div style=\"height:100px\" aria-hidden=\"true\" class=\"wp-block-spacer\"><\/div>\n\n\n\n<figure class=\"wp-block-image aligncenter size-full is-style-rounded wp-duotone-unset-2 is-style-rounded--1\"><img loading=\"lazy\" decoding=\"async\" width=\"2121\" height=\"1414\" src=\"https:\/\/fvm-europe.com\/wp-content\/uploads\/2024\/02\/team1.jpg\" alt=\"\" class=\"wp-image-145\" srcset=\"https:\/\/fvm-europe.com\/wp-content\/uploads\/2024\/02\/team1.jpg 2121w, https:\/\/fvm-europe.com\/wp-content\/uploads\/2024\/02\/team1-300x200.jpg 300w, https:\/\/fvm-europe.com\/wp-content\/uploads\/2024\/02\/team1-1024x683.jpg 1024w, https:\/\/fvm-europe.com\/wp-content\/uploads\/2024\/02\/team1-768x512.jpg 768w, https:\/\/fvm-europe.com\/wp-content\/uploads\/2024\/02\/team1-1536x1024.jpg 1536w, https:\/\/fvm-europe.com\/wp-content\/uploads\/2024\/02\/team1-2048x1365.jpg 2048w\" sizes=\"auto, (max-width: 2121px) 100vw, 2121px\" \/><\/figure>\n","protected":false},"excerpt":{"rendered":"<p>Notre \u00e9quipe est compos\u00e9e de sp\u00e9cialistes europ\u00e9ens du retail et du marketing. Certains de ses membres g\u00e8rent une chaine de magasins en Belgique. D\u2019autres sont des sp\u00e9cialistes de l\u2019informatique et ont d\u00e9velopp\u00e9 des outils performants permettant aux clients de commander en ligne directement palettes et container ou encore de mettre les prix en ligne automatiquement. [&hellip;]<\/p>\n","protected":false},"author":1,"featured_media":0,"parent":0,"menu_order":0,"comment_status":"closed","ping_status":"closed","template":"","meta":{"footnotes":""},"class_list":["post-136","page","type-page","status-publish","hentry"],"_links":{"self":[{"href":"https:\/\/fvm-europe.com\/index.php\/wp-json\/wp\/v2\/pages\/136","targetHints":{"allow":["GET"]}}],"collection":[{"href":"https:\/\/fvm-europe.com\/index.php\/wp-json\/wp\/v2\/pages"}],"about":[{"href":"https:\/\/fvm-europe.com\/index.php\/wp-json\/wp\/v2\/types\/page"}],"author":[{"embeddable":true,"href":"https:\/\/fvm-europe.com\/index.php\/wp-json\/wp\/v2\/users\/1"}],"replies":[{"embeddable":true,"href":"https:\/\/fvm-europe.com\/index.php\/wp-json\/wp\/v2\/comments?post=136"}],"version-history":[{"count":4,"href":"https:\/\/fvm-europe.com\/index.php\/wp-json\/wp\/v2\/pages\/136\/revisions"}],"predecessor-version":[{"id":184,"href":"https:\/\/fvm-europe.com\/index.php\/wp-json\/wp\/v2\/pages\/136\/revisions\/184"}],"wp:attachment":[{"href":"https:\/\/fvm-europe.com\/index.php\/wp-json\/wp\/v2\/media?parent=136"}],"curies":[{"name":"wp","href":"https:\/\/api.w.org\/{rel}","templated":true}]}}