{"id":137,"date":"2024-02-14T11:30:25","date_gmt":"2024-02-14T10:30:25","guid":{"rendered":"https:\/\/fvm-europe.com\/?page_id=137"},"modified":"2024-02-15T11:49:28","modified_gmt":"2024-02-15T10:49:28","slug":"history","status":"publish","type":"page","link":"https:\/\/fvm-europe.com\/index.php\/history\/","title":{"rendered":"History"},"content":{"rendered":"\n<p>Apr\u00e8s avoir d\u00e9velopp\u00e9 le march\u00e9 belge \u00e0 travers diff\u00e9rentes enseigne, FVM a \u00e9t\u00e9 cr\u00e9\u00e9 sp\u00e9cifiquement pour adresser des produits europ\u00e9ens de qualit\u00e9 pour les pays d\u2019Afrique. Notre professionnalisme nous a permis d\u2019obtenir l\u2019exclusivit\u00e9 de la part de certaines marques r\u00e9put\u00e9es. Nous ne nous concentrons aujourd\u2019hui que sur les produits \u00e0 forte demande dont nous sommes certains que les enseignes locales qui sont nos partenaires tireront un r\u00e9el profit.<br><\/p>\n\n\n\n<div style=\"height:31px\" aria-hidden=\"true\" class=\"wp-block-spacer\"><\/div>\n\n\n\n<div style=\"height:31px\" aria-hidden=\"true\" class=\"wp-block-spacer\"><\/div>\n\n\n\n<div style=\"height:31px\" aria-hidden=\"true\" class=\"wp-block-spacer\"><\/div>\n\n\n\n<div style=\"height:31px\" aria-hidden=\"true\" class=\"wp-block-spacer\"><\/div>\n","protected":false},"excerpt":{"rendered":"<p>Apr\u00e8s avoir d\u00e9velopp\u00e9 le march\u00e9 belge \u00e0 travers diff\u00e9rentes enseigne, FVM a \u00e9t\u00e9 cr\u00e9\u00e9 sp\u00e9cifiquement pour adresser des produits europ\u00e9ens de qualit\u00e9 pour les pays d\u2019Afrique. Notre professionnalisme nous a permis d\u2019obtenir l\u2019exclusivit\u00e9 de la part de certaines marques r\u00e9put\u00e9es. Nous ne nous concentrons aujourd\u2019hui que sur les produits \u00e0 forte demande dont nous sommes [&hellip;]<\/p>\n","protected":false},"author":1,"featured_media":186,"parent":0,"menu_order":0,"comment_status":"closed","ping_status":"closed","template":"page-wide","meta":{"footnotes":""},"class_list":["post-137","page","type-page","status-publish","has-post-thumbnail","hentry"],"_links":{"self":[{"href":"https:\/\/fvm-europe.com\/index.php\/wp-json\/wp\/v2\/pages\/137","targetHints":{"allow":["GET"]}}],"collection":[{"href":"https:\/\/fvm-europe.com\/index.php\/wp-json\/wp\/v2\/pages"}],"about":[{"href":"https:\/\/fvm-europe.com\/index.php\/wp-json\/wp\/v2\/types\/page"}],"author":[{"embeddable":true,"href":"https:\/\/fvm-europe.com\/index.php\/wp-json\/wp\/v2\/users\/1"}],"replies":[{"embeddable":true,"href":"https:\/\/fvm-europe.com\/index.php\/wp-json\/wp\/v2\/comments?post=137"}],"version-history":[{"count":2,"href":"https:\/\/fvm-europe.com\/index.php\/wp-json\/wp\/v2\/pages\/137\/revisions"}],"predecessor-version":[{"id":152,"href":"https:\/\/fvm-europe.com\/index.php\/wp-json\/wp\/v2\/pages\/137\/revisions\/152"}],"wp:featuredmedia":[{"embeddable":true,"href":"https:\/\/fvm-europe.com\/index.php\/wp-json\/wp\/v2\/media\/186"}],"wp:attachment":[{"href":"https:\/\/fvm-europe.com\/index.php\/wp-json\/wp\/v2\/media?parent=137"}],"curies":[{"name":"wp","href":"https:\/\/api.w.org\/{rel}","templated":true}]}}