{"id":138,"date":"2024-02-14T11:41:34","date_gmt":"2024-02-14T10:41:34","guid":{"rendered":"https:\/\/fvm-europe.com\/?page_id=138"},"modified":"2024-02-14T11:41:34","modified_gmt":"2024-02-14T10:41:34","slug":"careers","status":"publish","type":"page","link":"https:\/\/fvm-europe.com\/index.php\/careers\/","title":{"rendered":"Careers"},"content":{"rendered":"\n<ul class=\"wp-block-list\">\n<li>Nous recherchons les postes suivants dans diff\u00e9rents pays africains\u00a0:<br><br><ul><li>Des partenaires locaux ayant une excellente exp\u00e9rience du march\u00e9 pour distribuer nos produits localement<\/li><\/ul><br><ul><li>Des transitaires locaux connaissant parfaitement \u00e0 la fois le monde du transport, du transit en g\u00e9n\u00e9ral et des douanes en particulier.<\/li><\/ul><br><ul><li>Des animateurs de point de vente et des h\u00f4tesses pour valoriser nos produits lors d\u2019actions commerciales<\/li><\/ul><br><ul><li>Enfin, des commerciaux capables de travailler avec nos partenaires locaux pour augmenter les ventes aupr\u00e8s des diff\u00e9rents enseignes locales<\/li><\/ul><\/li>\n<\/ul>\n\n\n\n<div style=\"height:31px\" aria-hidden=\"true\" class=\"wp-block-spacer\"><\/div>\n\n\n\n<div style=\"height:31px\" aria-hidden=\"true\" class=\"wp-block-spacer\"><\/div>\n\n\n\n<div style=\"height:31px\" aria-hidden=\"true\" class=\"wp-block-spacer\"><\/div>\n\n\n\n<div style=\"height:31px\" aria-hidden=\"true\" class=\"wp-block-spacer\"><\/div>\n","protected":false},"excerpt":{"rendered":"","protected":false},"author":1,"featured_media":154,"parent":0,"menu_order":0,"comment_status":"closed","ping_status":"closed","template":"page-with-sidebar","meta":{"footnotes":""},"class_list":["post-138","page","type-page","status-publish","has-post-thumbnail","hentry"],"_links":{"self":[{"href":"https:\/\/fvm-europe.com\/index.php\/wp-json\/wp\/v2\/pages\/138","targetHints":{"allow":["GET"]}}],"collection":[{"href":"https:\/\/fvm-europe.com\/index.php\/wp-json\/wp\/v2\/pages"}],"about":[{"href":"https:\/\/fvm-europe.com\/index.php\/wp-json\/wp\/v2\/types\/page"}],"author":[{"embeddable":true,"href":"https:\/\/fvm-europe.com\/index.php\/wp-json\/wp\/v2\/users\/1"}],"replies":[{"embeddable":true,"href":"https:\/\/fvm-europe.com\/index.php\/wp-json\/wp\/v2\/comments?post=138"}],"version-history":[{"count":3,"href":"https:\/\/fvm-europe.com\/index.php\/wp-json\/wp\/v2\/pages\/138\/revisions"}],"predecessor-version":[{"id":157,"href":"https:\/\/fvm-europe.com\/index.php\/wp-json\/wp\/v2\/pages\/138\/revisions\/157"}],"wp:featuredmedia":[{"embeddable":true,"href":"https:\/\/fvm-europe.com\/index.php\/wp-json\/wp\/v2\/media\/154"}],"wp:attachment":[{"href":"https:\/\/fvm-europe.com\/index.php\/wp-json\/wp\/v2\/media?parent=138"}],"curies":[{"name":"wp","href":"https:\/\/api.w.org\/{rel}","templated":true}]}}