{"id":35,"date":"2024-02-13T11:52:29","date_gmt":"2024-02-13T10:52:29","guid":{"rendered":"https:\/\/fvm-europe.com\/?page_id=35"},"modified":"2024-02-14T10:07:35","modified_gmt":"2024-02-14T09:07:35","slug":"engagement-esg","status":"publish","type":"page","link":"https:\/\/fvm-europe.com\/index.php\/engagement-esg\/","title":{"rendered":"Engagement ESG"},"content":{"rendered":"\n<p><strong><em>\u00ab\u00a0La politique ESG est un outil strat\u00e9gique qui nous permet de minimiser notre impact n\u00e9gatif, mais aussi de maximiser notre impact positif.\u00a0\u00bb\u00a0<\/em><\/strong><br><br>Les grands enjeux environnementaux, sociaux et de gouvernance d\u2019entreprise (ESG) doivent avoir un impact direct sur notre strat\u00e9gie d\u2019innovation et sur l\u2019agilit\u00e9 de nos processus au sein du groupe FVM.<br>En nous appuyant sur\u00a0nos 4 valeurs\u00a0piliers que sont l\u2019ind\u00e9pendance, l\u2019efficacit\u00e9, la transparence et le partenariat, nous avons d\u00e9cid\u00e9 d\u00e8s 2020 d\u2019amplifier notre engagement en int\u00e9grant davantage l\u2019ESG dans nos objectifs strat\u00e9giques.<br><br><br><strong>Les crit\u00e8res ESG permettent d\u2019\u00e9valuer la prise en compte du d\u00e9veloppement durable et des enjeux de long terme dans la strat\u00e9gie de FVM<\/strong><\/p>\n\n\n\n<p><strong><br><\/strong><br><strong>Sur le plan environnemental :<\/strong>\u00a0FVM a mis en place une strat\u00e9gie \u00ab digitale \u00bb qui permet aux clients utilisateurs d\u2019avoir acc\u00e8s directement au catalogue des produits et d\u2019effectuer des commandes en ligne sans gaspiller des tonnes de papier. La plupart des r\u00e9unions d\u2019\u00e9quipe se font en visioconf\u00e9rence ce qui permet la r\u00e9duction du CO2. Quant \u00e0 nos fournisseurs nous essayons \u00e0 chaque fois de privil\u00e9gier des fournisseurs respectueux des normes environnementales europ\u00e9ennes les plus strictes<br><br><strong>Sur le plan social :<\/strong>\u00a0 Tous nos collaborateurs, quelle que soit leur origine ou leur genre, sont trait\u00e9s de mani\u00e8re \u00e9gale sans exception. Le principe de l&rsquo;\u00e9galit\u00e9 salariale entre femmes et hommes est strictement respect\u00e9. FVM soutient de nombreux projets d&rsquo;aide \u00e0 l&rsquo;enfance dans diff\u00e9rents pays.<br><br><strong>Sur le plan de la gouvernance:<\/strong>\u00a0Nous agissons en toute transparence avec nos clients, nos fournisseurs et nos partenaires. Nous prot\u00e9geons l\u2019information confidentielle. Nous refusons toute valeur pouvant influencer nos d\u00e9cisions ou encourager toute conduite ill\u00e9gale. Nous nous conformons \u00e0 la loi et ce dans tous les pays o\u00f9 nous sommes pr\u00e9sents.<\/p>\n","protected":false},"excerpt":{"rendered":"<p>\u00ab\u00a0La politique ESG est un outil strat\u00e9gique qui nous permet de minimiser notre impact n\u00e9gatif, mais aussi de maximiser notre impact positif.\u00a0\u00bb\u00a0 Les grands enjeux environnementaux, sociaux et de gouvernance d\u2019entreprise (ESG) doivent avoir un impact direct sur notre strat\u00e9gie d\u2019innovation et sur l\u2019agilit\u00e9 de nos processus au sein du groupe FVM.En nous appuyant sur\u00a0nos [&hellip;]<\/p>\n","protected":false},"author":1,"featured_media":0,"parent":0,"menu_order":0,"comment_status":"closed","ping_status":"closed","template":"","meta":{"footnotes":""},"class_list":["post-35","page","type-page","status-publish","hentry"],"_links":{"self":[{"href":"https:\/\/fvm-europe.com\/index.php\/wp-json\/wp\/v2\/pages\/35","targetHints":{"allow":["GET"]}}],"collection":[{"href":"https:\/\/fvm-europe.com\/index.php\/wp-json\/wp\/v2\/pages"}],"about":[{"href":"https:\/\/fvm-europe.com\/index.php\/wp-json\/wp\/v2\/types\/page"}],"author":[{"embeddable":true,"href":"https:\/\/fvm-europe.com\/index.php\/wp-json\/wp\/v2\/users\/1"}],"replies":[{"embeddable":true,"href":"https:\/\/fvm-europe.com\/index.php\/wp-json\/wp\/v2\/comments?post=35"}],"version-history":[{"count":5,"href":"https:\/\/fvm-europe.com\/index.php\/wp-json\/wp\/v2\/pages\/35\/revisions"}],"predecessor-version":[{"id":135,"href":"https:\/\/fvm-europe.com\/index.php\/wp-json\/wp\/v2\/pages\/35\/revisions\/135"}],"wp:attachment":[{"href":"https:\/\/fvm-europe.com\/index.php\/wp-json\/wp\/v2\/media?parent=35"}],"curies":[{"name":"wp","href":"https:\/\/api.w.org\/{rel}","templated":true}]}}