{"id":43,"date":"2024-02-13T11:52:22","date_gmt":"2024-02-13T10:52:22","guid":{"rendered":"https:\/\/fvm-europe.com\/?page_id=43"},"modified":"2024-02-15T11:44:54","modified_gmt":"2024-02-15T10:44:54","slug":"qui-sommes-nous","status":"publish","type":"page","link":"https:\/\/fvm-europe.com\/index.php\/qui-sommes-nous\/","title":{"rendered":"Qui sommes nous ?"},"content":{"rendered":"\n<p><strong>From Europa to Africa<\/strong><br>FVM regroupe des sp\u00e9cialistes de la grande distribution du marketing et de la grande exportation afin de proposer aux consommateurs africain des produits europ\u00e9ens de qualit\u00e9.<\/p>\n\n\n\n<p><br><\/p>\n\n\n\n<p><strong>Des produits en exclusivit\u00e9<\/strong><br>FVM n\u00e9gocie en direct avec les usines europ\u00e9ennes. Gr\u00e2ce aux volumes export\u00e9s, FVM obtient l\u2019exclusivit\u00e9 pour la grande majorit\u00e9 des produits export\u00e9s. En contrepartie, FVM obtient de la part des producteurs d\u2019excellentes conditions dont elle fait b\u00e9n\u00e9ficier les distributeurs locaux (d\u00e9couvrez nos produits)<\/p>\n\n\n\n<p><br><\/p>\n\n\n\n<p><strong>Une organisation efficace<\/strong><br>FVM s\u2019occupe de tout. Une fois les prix fix\u00e9s avec les acheteurs, ceux-ci peuvent commander directement en ligne sur notre site. La marchandise est livr\u00e9e directement dans le d\u00e9p\u00f4t des enseignes. FVM s\u2019est occup\u00e9 du transport, de la douane\u2026 (d\u00e9couvrez le r\u00f4le de nos \u00e9quipes locales)<\/p>\n\n\n\n<p><br><\/p>\n\n\n\n<p><strong>Un support local<\/strong><br>Dans chacun des pays distribu\u00e9s, FVM s\u2019appuie sur une \u00e9quipe de collaborateurs locaux qui connaissent bien les habitudes et les acteurs. Cette \u00e9quipe est compos\u00e9e de logisticiens, commerciaux et h\u00f4tesses pour augmenter les r\u00e9sultats sur les points de vente.<\/p>\n\n\n\n<p><br><\/p>\n\n\n\n<figure class=\"wp-block-image aligncenter size-full wp-duotone-unset-1\"><img loading=\"lazy\" decoding=\"async\" width=\"474\" height=\"360\" src=\"http:\/\/fvm-europe.com\/wp-content\/uploads\/2024\/02\/FVM_2.jpg\" alt=\"\" class=\"wp-image-33\" srcset=\"https:\/\/fvm-europe.com\/wp-content\/uploads\/2024\/02\/FVM_2.jpg 474w, https:\/\/fvm-europe.com\/wp-content\/uploads\/2024\/02\/FVM_2-300x228.jpg 300w\" sizes=\"auto, (max-width: 474px) 100vw, 474px\" \/><\/figure>\n","protected":false},"excerpt":{"rendered":"<p>From Europa to AfricaFVM regroupe des sp\u00e9cialistes de la grande distribution du marketing et de la grande exportation afin de proposer aux consommateurs africain des produits europ\u00e9ens de qualit\u00e9. Des produits en exclusivit\u00e9FVM n\u00e9gocie en direct avec les usines europ\u00e9ennes. Gr\u00e2ce aux volumes export\u00e9s, FVM obtient l\u2019exclusivit\u00e9 pour la grande majorit\u00e9 des produits export\u00e9s. En [&hellip;]<\/p>\n","protected":false},"author":1,"featured_media":0,"parent":0,"menu_order":0,"comment_status":"closed","ping_status":"closed","template":"","meta":{"footnotes":""},"class_list":["post-43","page","type-page","status-publish","hentry"],"_links":{"self":[{"href":"https:\/\/fvm-europe.com\/index.php\/wp-json\/wp\/v2\/pages\/43","targetHints":{"allow":["GET"]}}],"collection":[{"href":"https:\/\/fvm-europe.com\/index.php\/wp-json\/wp\/v2\/pages"}],"about":[{"href":"https:\/\/fvm-europe.com\/index.php\/wp-json\/wp\/v2\/types\/page"}],"author":[{"embeddable":true,"href":"https:\/\/fvm-europe.com\/index.php\/wp-json\/wp\/v2\/users\/1"}],"replies":[{"embeddable":true,"href":"https:\/\/fvm-europe.com\/index.php\/wp-json\/wp\/v2\/comments?post=43"}],"version-history":[{"count":8,"href":"https:\/\/fvm-europe.com\/index.php\/wp-json\/wp\/v2\/pages\/43\/revisions"}],"predecessor-version":[{"id":183,"href":"https:\/\/fvm-europe.com\/index.php\/wp-json\/wp\/v2\/pages\/43\/revisions\/183"}],"wp:attachment":[{"href":"https:\/\/fvm-europe.com\/index.php\/wp-json\/wp\/v2\/media?parent=43"}],"curies":[{"name":"wp","href":"https:\/\/api.w.org\/{rel}","templated":true}]}}