{"id":89,"date":"2024-02-13T12:13:55","date_gmt":"2024-02-13T11:13:55","guid":{"rendered":"https:\/\/fvm-europe.com\/?page_id=89"},"modified":"2024-02-15T10:37:03","modified_gmt":"2024-02-15T09:37:03","slug":"nos-equipes-locales","status":"publish","type":"page","link":"https:\/\/fvm-europe.com\/index.php\/nos-equipes-locales\/","title":{"rendered":"Nos \u00e9quipes locales"},"content":{"rendered":"\n<p>Dans chacun des pays o\u00f9 nous sommes pr\u00e9sents, nous nous appuyons toujours sur des \u00e9quipes locales connaissant bien le terrain.<\/p>\n\n\n\n<div style=\"height:30px\" aria-hidden=\"true\" class=\"wp-block-spacer\"><\/div>\n\n\n\n<figure class=\"wp-block-image size-full is-resized is-style-rounded is-style-rounded--1\"><img loading=\"lazy\" decoding=\"async\" width=\"248\" height=\"231\" src=\"https:\/\/fvm-europe.com\/wp-content\/uploads\/2024\/02\/team1-1.jpg\" alt=\"\" class=\"wp-image-160\" style=\"width:219px;height:auto\"\/><\/figure>\n\n\n\n<div style=\"height:30px\" aria-hidden=\"true\" class=\"wp-block-spacer\"><\/div>\n\n\n\n<p><strong>Un support logistique et administratif<\/strong><\/p>\n\n\n\n<p>Le r\u00f4le de notre \u00e9quipe locale est de se charger de toutes les \u00e9tapes logistiques et administratives. Elle suit en permanence les \u00e9tapes de la livraison, g\u00e8re les d\u00e9marches douani\u00e8res, assure le transport jusqu\u2019\u00e0 votre centre de distribution. Cette \u00e9quipe est votre premier niveau de contact en cas de question logistique ou administrative<\/p>\n\n\n\n<div style=\"height:31px\" aria-hidden=\"true\" class=\"wp-block-spacer\"><\/div>\n\n\n\n<figure class=\"wp-block-image aligncenter size-full is-resized is-style-rounded is-style-rounded--2\"><img loading=\"lazy\" decoding=\"async\" width=\"250\" height=\"234\" src=\"https:\/\/fvm-europe.com\/wp-content\/uploads\/2024\/02\/team2.jpg\" alt=\"\" class=\"wp-image-161\" style=\"width:219px;height:auto\"\/><\/figure>\n\n\n\n<div style=\"height:31px\" aria-hidden=\"true\" class=\"wp-block-spacer\"><\/div>\n\n\n\n<p><strong>Un support commercial<\/strong><\/p>\n\n\n\n<p>Notre \u00e9quipe locale est&nbsp; votre premier niveau de contact commercial. Elle vous informe des promotions, des nouveaux produits disponibles et s\u2019assure du suivi de vos demandes<\/p>\n\n\n\n<div style=\"height:31px\" aria-hidden=\"true\" class=\"wp-block-spacer\"><\/div>\n\n\n\n<figure class=\"wp-block-image size-full is-resized is-style-rounded is-style-rounded--3\"><img loading=\"lazy\" decoding=\"async\" width=\"250\" height=\"234\" src=\"https:\/\/fvm-europe.com\/wp-content\/uploads\/2024\/02\/team3-1.jpg\" alt=\"\" class=\"wp-image-180\" style=\"width:206px;height:auto\"\/><\/figure>\n\n\n\n<div style=\"height:31px\" aria-hidden=\"true\" class=\"wp-block-spacer\"><\/div>\n\n\n\n<p><strong>Un support Marketing<\/strong><\/p>\n\n\n\n<p>Mais le r\u00f4le de notre \u00e9quipe locale est \u00e9galement d\u2019accompagner nos clients dans leurs d\u00e9marches de valorisation des produits \u00e0 travers des actions marketing cibl\u00e9es. L\u2019objectif est de mettre ensemble nos ressources pour augmenter vos r\u00e9sultats sur vos diff\u00e9rents points de vente<\/p>\n\n\n\n<div style=\"height:31px\" aria-hidden=\"true\" class=\"wp-block-spacer\"><\/div>\n\n\n\n<figure class=\"wp-block-image aligncenter size-full is-resized is-style-rounded is-style-rounded--4\"><img loading=\"lazy\" decoding=\"async\" width=\"420\" height=\"468\" src=\"https:\/\/fvm-europe.com\/wp-content\/uploads\/2024\/02\/team5.jpg\" alt=\"\" class=\"wp-image-163\" style=\"width:379px;height:auto\" srcset=\"https:\/\/fvm-europe.com\/wp-content\/uploads\/2024\/02\/team5.jpg 420w, https:\/\/fvm-europe.com\/wp-content\/uploads\/2024\/02\/team5-269x300.jpg 269w\" sizes=\"auto, (max-width: 420px) 100vw, 420px\" \/><\/figure>\n","protected":false},"excerpt":{"rendered":"<p>Dans chacun des pays o\u00f9 nous sommes pr\u00e9sents, nous nous appuyons toujours sur des \u00e9quipes locales connaissant bien le terrain. Un support logistique et administratif Le r\u00f4le de notre \u00e9quipe locale est de se charger de toutes les \u00e9tapes logistiques et administratives. Elle suit en permanence les \u00e9tapes de la livraison, g\u00e8re les d\u00e9marches douani\u00e8res, [&hellip;]<\/p>\n","protected":false},"author":1,"featured_media":0,"parent":0,"menu_order":0,"comment_status":"closed","ping_status":"closed","template":"","meta":{"footnotes":""},"class_list":["post-89","page","type-page","status-publish","hentry"],"_links":{"self":[{"href":"https:\/\/fvm-europe.com\/index.php\/wp-json\/wp\/v2\/pages\/89","targetHints":{"allow":["GET"]}}],"collection":[{"href":"https:\/\/fvm-europe.com\/index.php\/wp-json\/wp\/v2\/pages"}],"about":[{"href":"https:\/\/fvm-europe.com\/index.php\/wp-json\/wp\/v2\/types\/page"}],"author":[{"embeddable":true,"href":"https:\/\/fvm-europe.com\/index.php\/wp-json\/wp\/v2\/users\/1"}],"replies":[{"embeddable":true,"href":"https:\/\/fvm-europe.com\/index.php\/wp-json\/wp\/v2\/comments?post=89"}],"version-history":[{"count":8,"href":"https:\/\/fvm-europe.com\/index.php\/wp-json\/wp\/v2\/pages\/89\/revisions"}],"predecessor-version":[{"id":182,"href":"https:\/\/fvm-europe.com\/index.php\/wp-json\/wp\/v2\/pages\/89\/revisions\/182"}],"wp:attachment":[{"href":"https:\/\/fvm-europe.com\/index.php\/wp-json\/wp\/v2\/media?parent=89"}],"curies":[{"name":"wp","href":"https:\/\/api.w.org\/{rel}","templated":true}]}}